{"id":20,"date":"2024-01-01T15:04:58","date_gmt":"2024-01-01T15:04:58","guid":{"rendered":"http:\/\/schachgemeinschaft-hoevelhof.de\/?page_id=20"},"modified":"2024-02-18T19:38:37","modified_gmt":"2024-02-18T19:38:37","slug":"home","status":"publish","type":"page","link":"https:\/\/schachgemeinschaft-hoevelhof.de\/","title":{"rendered":""},"content":{"rendered":"\n<h1 class=\"wp-block-heading\">Willkommen bei der Schachgemeinschaft H\u00f6velhof<\/h1>\n\n\n\n<p>Genie\u00dfen Sie eine spielerische Unterhaltung in bester Gesellschaft. Spielspa\u00df f\u00fcr alle Egal ob Anf\u00e4nger oder Profi, bei uns ist f\u00fcr jeden etwas dabei. Gemeinschaftliches Erlebnis, Treten Sie in Kontakt mit anderen Schachliebhabern und tauschen Sie sich aus. <\/p>\n\n\n\n<div style=\"height:20px\" aria-hidden=\"true\" class=\"wp-block-spacer\"><\/div>\n\n\n\n<h2 class=\"wp-block-heading\">Spiellokal<\/h2>\n\n\n\n<p>Die Schachgemeinschaft H\u00f6velhof spielt in einem Raum im Haus der Jugend (oOT) H\u00f6velhof, das zur Gemeinde H\u00f6velhof geh\u00f6rt. Anschrift und Kontakt zum Haus der Jugend (HoT): Hause der Jugend (HoT) Sennestra\u00dfe 36, 33161 H\u00f6velhof Telefon: +49 5257 5009820 <a href=\"https:\/\/www.hothoevelhof.de\/\">Zur Homepage Haus der Jugend (HoT)<\/a><\/p>\n\n\n\n<div style=\"height:20px\" aria-hidden=\"true\" class=\"wp-block-spacer\"><\/div>\n\n\n\n<h2 class=\"wp-block-heading\">Spielzeiten<\/h2>\n\n\n\n<h3 class=\"wp-block-heading\">Kinder und Jugend:<\/h3>\n\n\n\n<p>Jeden Mittwoch von 16:30 bis 18:00 Uhr\nDieses Training wird von Helena Schulte geleitet. F\u00fcr Fragen finden Sie unter dem Men\u00fcpunkt Kantakt, die Kontaktdaten von Helena Schulte.\n(An Feiertagen und in Schulferien f\u00e4llt dieses Training aus.)<\/p>\n\n\n\n<div style=\"height:10px\" aria-hidden=\"true\" class=\"wp-block-spacer\"><\/div>\n\n\n\n<h3 class=\"wp-block-heading\">Erwachsene<\/h3>\n\n\n\n<p>Jeden Montagabend ab ca. 19:00 Uhr<br>Da das Haus der Jugend um diese Zeit schon geschlossen ist, bitten wir an der Eingangst\u00fcr die Klingel zu verwenden. Unser Spielraum befindet sich im 1.OG.<br>Wenn Sie vorab kontakt aufnehmen m\u00f6chten, dann finden Sie die Kontaktdaten des 1. Vorsitzenden unter dem Men\u00fcpunkt Kontakt.<br>(An Feiertagen und Schulferien f\u00e4llt der Spielabend aus.)<\/p>\n\n\n\n<div style=\"height:20px\" aria-hidden=\"true\" class=\"wp-block-spacer\"><\/div>\n\n\n\n<h2 class=\"wp-block-heading\">Mitglied werden<\/h2>\n\n\n\n<p>Melden Sie jetzt nach ein paar Testwochen an und werden Teil der Schachgemeinschaft H\u00f6velhof! Jetzt anmelden<\/p>\n\n\n\n<div style=\"height:20px\" aria-hidden=\"true\" class=\"wp-block-spacer\"><\/div>\n\n\n\n<h2 class=\"wp-block-heading\">Kontakt<\/h2>\n\n\n\n<p>Alle wichtigen Kontaktdaten finden Sie unter dem Men\u00fcpunkt Kontakte.<\/p>\n","protected":false},"excerpt":{"rendered":"<p>Willkommen bei der Schachgemeinschaft H\u00f6velhof Genie\u00dfen Sie eine spielerische Unterhaltung in bester Gesellschaft. Spielspa\u00df f\u00fcr alle Egal ob Anf\u00e4nger oder Profi, bei uns ist f\u00fcr jeden etwas dabei. Gemeinschaftliches Erlebnis, Treten Sie in Kontakt mit anderen Schachliebhabern und tauschen Sie sich aus. Spiellokal Die Schachgemeinschaft H\u00f6velhof spielt in einem Raum im Haus der Jugend (oOT) [&hellip;]<\/p>\n","protected":false},"author":1,"featured_media":0,"parent":0,"menu_order":0,"comment_status":"closed","ping_status":"closed","template":"","meta":{"ocean_post_layout":"","ocean_both_sidebars_style":"","ocean_both_sidebars_content_width":0,"ocean_both_sidebars_sidebars_width":0,"ocean_sidebar":"","ocean_second_sidebar":"","ocean_disable_margins":"enable","ocean_add_body_class":"","ocean_shortcode_before_top_bar":"","ocean_shortcode_after_top_bar":"","ocean_shortcode_before_header":"","ocean_shortcode_after_header":"","ocean_has_shortcode":"","ocean_shortcode_after_title":"","ocean_shortcode_before_footer_widgets":"","ocean_shortcode_after_footer_widgets":"","ocean_shortcode_before_footer_bottom":"","ocean_shortcode_after_footer_bottom":"","ocean_display_top_bar":"default","ocean_display_header":"default","ocean_header_style":"","ocean_center_header_left_menu":"","ocean_custom_header_template":"","ocean_custom_logo":0,"ocean_custom_retina_logo":0,"ocean_custom_logo_max_width":0,"ocean_custom_logo_tablet_max_width":0,"ocean_custom_logo_mobile_max_width":0,"ocean_custom_logo_max_height":0,"ocean_custom_logo_tablet_max_height":0,"ocean_custom_logo_mobile_max_height":0,"ocean_header_custom_menu":"","ocean_menu_typo_font_family":"","ocean_menu_typo_font_subset":"","ocean_menu_typo_font_size":0,"ocean_menu_typo_font_size_tablet":0,"ocean_menu_typo_font_size_mobile":0,"ocean_menu_typo_font_size_unit":"px","ocean_menu_typo_font_weight":"","ocean_menu_typo_font_weight_tablet":"","ocean_menu_typo_font_weight_mobile":"","ocean_menu_typo_transform":"","ocean_menu_typo_transform_tablet":"","ocean_menu_typo_transform_mobile":"","ocean_menu_typo_line_height":0,"ocean_menu_typo_line_height_tablet":0,"ocean_menu_typo_line_height_mobile":0,"ocean_menu_typo_line_height_unit":"","ocean_menu_typo_spacing":0,"ocean_menu_typo_spacing_tablet":0,"ocean_menu_typo_spacing_mobile":0,"ocean_menu_typo_spacing_unit":"","ocean_menu_link_color":"","ocean_menu_link_color_hover":"","ocean_menu_link_color_active":"","ocean_menu_link_background":"","ocean_menu_link_hover_background":"","ocean_menu_link_active_background":"","ocean_menu_social_links_bg":"","ocean_menu_social_hover_links_bg":"","ocean_menu_social_links_color":"","ocean_menu_social_hover_links_color":"","ocean_disable_title":"default","ocean_disable_heading":"default","ocean_post_title":"","ocean_post_subheading":"","ocean_post_title_style":"","ocean_post_title_background_color":"","ocean_post_title_background":0,"ocean_post_title_bg_image_position":"","ocean_post_title_bg_image_attachment":"","ocean_post_title_bg_image_repeat":"","ocean_post_title_bg_image_size":"","ocean_post_title_height":0,"ocean_post_title_bg_overlay":0.5,"ocean_post_title_bg_overlay_color":"","ocean_disable_breadcrumbs":"default","ocean_breadcrumbs_color":"","ocean_breadcrumbs_separator_color":"","ocean_breadcrumbs_links_color":"","ocean_breadcrumbs_links_hover_color":"","ocean_display_footer_widgets":"default","ocean_display_footer_bottom":"default","ocean_custom_footer_template":"","footnotes":""},"_links":{"self":[{"href":"https:\/\/schachgemeinschaft-hoevelhof.de\/index.php?rest_route=\/wp\/v2\/pages\/20"}],"collection":[{"href":"https:\/\/schachgemeinschaft-hoevelhof.de\/index.php?rest_route=\/wp\/v2\/pages"}],"about":[{"href":"https:\/\/schachgemeinschaft-hoevelhof.de\/index.php?rest_route=\/wp\/v2\/types\/page"}],"author":[{"embeddable":true,"href":"https:\/\/schachgemeinschaft-hoevelhof.de\/index.php?rest_route=\/wp\/v2\/users\/1"}],"replies":[{"embeddable":true,"href":"https:\/\/schachgemeinschaft-hoevelhof.de\/index.php?rest_route=%2Fwp%2Fv2%2Fcomments&post=20"}],"version-history":[{"count":12,"href":"https:\/\/schachgemeinschaft-hoevelhof.de\/index.php?rest_route=\/wp\/v2\/pages\/20\/revisions"}],"predecessor-version":[{"id":171,"href":"https:\/\/schachgemeinschaft-hoevelhof.de\/index.php?rest_route=\/wp\/v2\/pages\/20\/revisions\/171"}],"wp:attachment":[{"href":"https:\/\/schachgemeinschaft-hoevelhof.de\/index.php?rest_route=%2Fwp%2Fv2%2Fmedia&parent=20"}],"curies":[{"name":"wp","href":"https:\/\/api.w.org\/{rel}","templated":true}]}}